{"id":16,"date":"2025-03-17T13:28:10","date_gmt":"2025-03-17T13:28:10","guid":{"rendered":"https:\/\/holidayhurghada.com\/?page_id=16"},"modified":"2025-04-22T16:58:32","modified_gmt":"2025-04-22T14:58:32","slug":"blog","status":"publish","type":"page","link":"https:\/\/holidayhurghada.com\/de\/blog\/","title":{"rendered":"Blog"},"content":{"rendered":"\t\t<div data-elementor-type=\"wp-page\" data-elementor-id=\"16\" class=\"elementor elementor-16\" data-elementor-post-type=\"page\">\n\t\t\t\t<div class=\"elementor-element elementor-element-efdb0a1 e-con-full e-flex e-con e-parent\" data-id=\"efdb0a1\" data-element_type=\"container\" data-e-type=\"container\">\n\t\t<div class=\"elementor-element elementor-element-3b5f1f3 e-con-full e-flex e-con e-child\" data-id=\"3b5f1f3\" data-element_type=\"container\" data-e-type=\"container\">\n\t\t\t\t<div class=\"elementor-element elementor-element-78051ef elementor-grid-2 elementor-grid-tablet-2 elementor-grid-mobile-1 elementor-posts--thumbnail-top elementor-widget elementor-widget-posts\" data-id=\"78051ef\" data-element_type=\"widget\" data-e-type=\"widget\" data-settings=\"{&quot;classic_columns&quot;:&quot;2&quot;,&quot;classic_columns_tablet&quot;:&quot;2&quot;,&quot;classic_columns_mobile&quot;:&quot;1&quot;,&quot;classic_row_gap&quot;:{&quot;unit&quot;:&quot;px&quot;,&quot;size&quot;:35,&quot;sizes&quot;:[]},&quot;classic_row_gap_tablet&quot;:{&quot;unit&quot;:&quot;px&quot;,&quot;size&quot;:&quot;&quot;,&quot;sizes&quot;:[]},&quot;classic_row_gap_mobile&quot;:{&quot;unit&quot;:&quot;px&quot;,&quot;size&quot;:&quot;&quot;,&quot;sizes&quot;:[]}}\" data-widget_type=\"posts.classic\">\n\t\t\t\t<div class=\"elementor-widget-container\">\n\t\t\t\t\t\t\t<div class=\"elementor-posts-container elementor-posts elementor-posts--skin-classic elementor-grid\" role=\"list\">\n\t\t\t\t<article class=\"elementor-post elementor-grid-item post-3076 post type-post status-publish format-standard has-post-thumbnail hentry category-uncategorized\" role=\"listitem\">\n\t\t\t\t<a class=\"elementor-post__thumbnail__link\" href=\"https:\/\/holidayhurghada.com\/de\/utazasi-kisokos-egyiptomba-amit-turistakent-tudnod-erdemes\/\" tabindex=\"-1\" >\n\t\t\t<div class=\"elementor-post__thumbnail\"><img alt=\"\" fetchpriority=\"high\" decoding=\"async\" width=\"576\" height=\"1024\" src=\"https:\/\/holidayhurghada.com\/wp-content\/uploads\/2025\/04\/IMG-442c49d43af59e890a5726a44e03a3f4-V-576x1024.webp\" class=\"attachment-large size-large wp-image-1570\" alt=\"\" srcset=\"https:\/\/holidayhurghada.com\/wp-content\/uploads\/2025\/04\/IMG-442c49d43af59e890a5726a44e03a3f4-V-576x1024.webp 576w, https:\/\/holidayhurghada.com\/wp-content\/uploads\/2025\/04\/IMG-442c49d43af59e890a5726a44e03a3f4-V-169x300.webp 169w, https:\/\/holidayhurghada.com\/wp-content\/uploads\/2025\/04\/IMG-442c49d43af59e890a5726a44e03a3f4-V-768x1365.webp 768w, https:\/\/holidayhurghada.com\/wp-content\/uploads\/2025\/04\/IMG-442c49d43af59e890a5726a44e03a3f4-V-864x1536.webp 864w, https:\/\/holidayhurghada.com\/wp-content\/uploads\/2025\/04\/IMG-442c49d43af59e890a5726a44e03a3f4-V.webp 1000w\" sizes=\"(max-width: 576px) 100vw, 576px\" \/><\/div>\n\t\t<\/a>\n\t\t\t\t<div class=\"elementor-post__text\">\n\t\t\t\t<h3 class=\"elementor-post__title\">\n\t\t\t<a href=\"https:\/\/holidayhurghada.com\/de\/utazasi-kisokos-egyiptomba-amit-turistakent-tudnod-erdemes\/\" >\n\t\t\t\tUtaz\u00e1si kisokos Egyiptomba: Amit turistak\u00e9nt tudnod \u00e9rdemes\t\t\t<\/a>\n\t\t<\/h3>\n\t\t\t\t<div class=\"elementor-post__meta-data\">\n\t\t\t\t\t<span class=\"elementor-post-date\">\n\t\t\tApril 22, 2025\t\t<\/span>\n\t\t\t\t<span class=\"elementor-post-avatar\">\n\t\t\tKeine Kommentare\t\t<\/span>\n\t\t\t\t<\/div>\n\t\t\t\t<div class=\"elementor-post__excerpt\">\n\t\t\t<p>\u00c1prilis 22, 2025 Utaz\u00e1si kisokos Egyiptomba: Amit turistak\u00e9nt tudnod \u00e9rdemes Ha Egyiptom a k\u00f6vetkez\u0151 \u00fatic\u00e9lod, akkor ez az \u00f6sszefoglal\u00f3 neked k\u00e9sz\u00fclt! Legut\u00f3bbi blogcikkeink All inclusive<\/p>\n\t\t<\/div>\n\t\t\n\t\t<a class=\"elementor-post__read-more\" href=\"https:\/\/holidayhurghada.com\/de\/utazasi-kisokos-egyiptomba-amit-turistakent-tudnod-erdemes\/\" aria-label=\"Read more about Utaz\u00e1si kisokos Egyiptomba: Amit turistak\u00e9nt tudnod \u00e9rdemes\" tabindex=\"-1\" >\n\t\t\tTov\u00e1bb olvasom \u00bb\t\t<\/a>\n\n\t\t\t\t<\/div>\n\t\t\t\t<\/article>\n\t\t\t\t<article class=\"elementor-post elementor-grid-item post-226 post type-post status-publish format-standard has-post-thumbnail hentry category-uncategorized\" role=\"listitem\">\n\t\t\t\t<a class=\"elementor-post__thumbnail__link\" href=\"https:\/\/holidayhurghada.com\/de\/hurghada-rejtett-gyongyszemei\/\" tabindex=\"-1\" >\n\t\t\t<div class=\"elementor-post__thumbnail\"><img alt=\"\" decoding=\"async\" width=\"800\" height=\"533\" src=\"https:\/\/holidayhurghada.com\/wp-content\/uploads\/2025\/03\/hurghada-beach.webp\" class=\"attachment-large size-large wp-image-242\" alt=\"\" srcset=\"https:\/\/holidayhurghada.com\/wp-content\/uploads\/2025\/03\/hurghada-beach.webp 800w, https:\/\/holidayhurghada.com\/wp-content\/uploads\/2025\/03\/hurghada-beach-600x400.webp 600w, https:\/\/holidayhurghada.com\/wp-content\/uploads\/2025\/03\/hurghada-beach-300x200.webp 300w, https:\/\/holidayhurghada.com\/wp-content\/uploads\/2025\/03\/hurghada-beach-768x512.webp 768w\" sizes=\"(max-width: 800px) 100vw, 800px\" \/><\/div>\n\t\t<\/a>\n\t\t\t\t<div class=\"elementor-post__text\">\n\t\t\t\t<h3 class=\"elementor-post__title\">\n\t\t\t<a href=\"https:\/\/holidayhurghada.com\/de\/hurghada-rejtett-gyongyszemei\/\" >\n\t\t\t\tHurghada rejtett gy\u00f6ngyszemei\t\t\t<\/a>\n\t\t<\/h3>\n\t\t\t\t<div class=\"elementor-post__meta-data\">\n\t\t\t\t\t<span class=\"elementor-post-date\">\n\t\t\tM\u00e4rz 20, 2025\t\t<\/span>\n\t\t\t\t<span class=\"elementor-post-avatar\">\n\t\t\tKeine Kommentare\t\t<\/span>\n\t\t\t\t<\/div>\n\t\t\t\t<div class=\"elementor-post__excerpt\">\n\t\t\t<p>Hurghada Egyiptom egyik legn\u00e9pszer\u0171bb \u00fcd\u00fcl\u0151v\u00e1rosa, amelyet f\u0151k\u00e9nt gy\u00f6ny\u00f6r\u0171 tengerpartjai \u00e9s luxussz\u00e1llod\u00e1i miatt ismernek. De ha egy kicsit m\u00e9lyebbre \u00e1sunk, sz\u00e1mos kev\u00e9sb\u00e9 ismert, rejtett csod\u00e1ra bukkanhatunk.<\/p>\n\t\t<\/div>\n\t\t\n\t\t<a class=\"elementor-post__read-more\" href=\"https:\/\/holidayhurghada.com\/de\/hurghada-rejtett-gyongyszemei\/\" aria-label=\"Read more about Hurghada rejtett gy\u00f6ngyszemei\" tabindex=\"-1\" >\n\t\t\tTov\u00e1bb olvasom \u00bb\t\t<\/a>\n\n\t\t\t\t<\/div>\n\t\t\t\t<\/article>\n\t\t\t\t<article class=\"elementor-post elementor-grid-item post-216 post type-post status-publish format-standard has-post-thumbnail hentry category-uncategorized\" role=\"listitem\">\n\t\t\t\t<a class=\"elementor-post__thumbnail__link\" href=\"https:\/\/holidayhurghada.com\/de\/hurghada-vagy-sharm-el-sheikh\/\" tabindex=\"-1\" >\n\t\t\t<div class=\"elementor-post__thumbnail\"><img alt=\"\" decoding=\"async\" width=\"768\" height=\"1024\" src=\"https:\/\/holidayhurghada.com\/wp-content\/uploads\/2025\/04\/IMG-421600c2b6f6e28041e0642c12e7ea85-V-768x1024.webp\" class=\"attachment-large size-large wp-image-1579\" alt=\"\" srcset=\"https:\/\/holidayhurghada.com\/wp-content\/uploads\/2025\/04\/IMG-421600c2b6f6e28041e0642c12e7ea85-V-768x1024.webp 768w, https:\/\/holidayhurghada.com\/wp-content\/uploads\/2025\/04\/IMG-421600c2b6f6e28041e0642c12e7ea85-V-225x300.webp 225w, https:\/\/holidayhurghada.com\/wp-content\/uploads\/2025\/04\/IMG-421600c2b6f6e28041e0642c12e7ea85-V.webp 1000w\" sizes=\"(max-width: 768px) 100vw, 768px\" \/><\/div>\n\t\t<\/a>\n\t\t\t\t<div class=\"elementor-post__text\">\n\t\t\t\t<h3 class=\"elementor-post__title\">\n\t\t\t<a href=\"https:\/\/holidayhurghada.com\/de\/hurghada-vagy-sharm-el-sheikh\/\" >\n\t\t\t\tHurghada vagy Sharm el-Sheikh?\t\t\t<\/a>\n\t\t<\/h3>\n\t\t\t\t<div class=\"elementor-post__meta-data\">\n\t\t\t\t\t<span class=\"elementor-post-date\">\n\t\t\tM\u00e4rz 20, 2025\t\t<\/span>\n\t\t\t\t<span class=\"elementor-post-avatar\">\n\t\t\tKeine Kommentare\t\t<\/span>\n\t\t\t\t<\/div>\n\t\t\t\t<div class=\"elementor-post__excerpt\">\n\t\t\t<p>Ha Egyiptomba tervezel utazni, val\u00f3sz\u00edn\u0171leg felmer\u00fclt benned a k\u00e9rd\u00e9s: Hurghada vagy Sharm el-Sheikh? Mindk\u00e9t \u00fcd\u00fcl\u0151hely csod\u00e1latos tengerpartokkal, vil\u00e1gsz\u00ednvonal\u00fa mer\u00fcl\u0151helyekkel \u00e9s fantasztikus id\u0151j\u00e1r\u00e1ssal v\u00e1r, de m\u00e9gis elt\u00e9r\u0151 \u00e9lm\u00e9nyt k\u00edn\u00e1lnak. Melyik a jobb v\u00e1laszt\u00e1s? N\u00e9zz\u00fck meg k\u00f6zelebbr\u0151l mindk\u00e9t \u00fati c\u00e9lt!<\/p>\n\t\t<\/div>\n\t\t\n\t\t<a class=\"elementor-post__read-more\" href=\"https:\/\/holidayhurghada.com\/de\/hurghada-vagy-sharm-el-sheikh\/\" aria-label=\"Read more about Hurghada vagy Sharm el-Sheikh?\" tabindex=\"-1\" >\n\t\t\tTov\u00e1bb olvasom \u00bb\t\t<\/a>\n\n\t\t\t\t<\/div>\n\t\t\t\t<\/article>\n\t\t\t\t<\/div>\n\t\t\n\t\t\t\t\t\t<\/div>\n\t\t\t\t<\/div>\n\t\t\t\t<\/div>\n\t\t<div class=\"jet-sticky-section elementor-element elementor-element-85c36f5 e-con-full e-flex e-con e-child\" style=\"height: fit-content;\" data-id=\"85c36f5\" data-element_type=\"container\" data-e-type=\"container\" data-settings=\"{&quot;jet_sticky_section&quot;:&quot;yes&quot;,&quot;sticky&quot;:&quot;top&quot;,&quot;background_background&quot;:&quot;classic&quot;,&quot;jet_sticky_section_visibility&quot;:[&quot;desktop&quot;,&quot;tablet&quot;,&quot;mobile&quot;],&quot;sticky_on&quot;:[&quot;desktop&quot;,&quot;tablet&quot;,&quot;mobile&quot;],&quot;sticky_offset&quot;:0,&quot;sticky_effects_offset&quot;:0,&quot;sticky_anchor_link_offset&quot;:0}\">\n\t\t\t\t<div class=\"elementor-element elementor-element-32008c1 elementor-widget elementor-widget-jet-search\" data-id=\"32008c1\" data-element_type=\"widget\" data-e-type=\"widget\" data-widget_type=\"jet-search.default\">\n\t\t\t\t<div class=\"elementor-widget-container\">\n\t\t\t\t\t<div class=\"elementor-jet-search jet-blocks\"><div class=\"jet-search\"><form role=\"search\" method=\"get\" class=\"jet-search__form\" action=\"https:\/\/holidayhurghada.com\/de\/\">\n\t<label class=\"jet-search__label\">\n\t\t<span class=\"screen-reader-text\">Keres\u00e9s <\/span>\n\t\t<input type=\"search\" class=\"jet-search__field\"  placeholder=\"Keres\u00e9s \" value=\"\" name=\"s\" aria-label=\"Keres\u00e9s \" \/>\n\t<\/label>\n\t\t<button type=\"submit\" class=\"jet-search__submit\" aria-label=\"submit search\"><span class=\"jet-search__submit-icon jet-blocks-icon\"><svg aria-hidden=\"true\" class=\"e-font-icon-svg e-fas-search\" viewBox=\"0 0 512 512\" xmlns=\"http:\/\/www.w3.org\/2000\/svg\"><path d=\"M505 442.7L405.3 343c-4.5-4.5-10.6-7-17-7H372c27.6-35.3 44-79.7 44-128C416 93.1 322.9 0 208 0S0 93.1 0 208s93.1 208 208 208c48.3 0 92.7-16.4 128-44v16.3c0 6.4 2.5 12.5 7 17l99.7 99.7c9.4 9.4 24.6 9.4 33.9 0l28.3-28.3c9.4-9.4 9.4-24.6.1-34zM208 336c-70.7 0-128-57.2-128-128 0-70.7 57.2-128 128-128 70.7 0 128 57.2 128 128 0 70.7-57.2 128-128 128z\"><\/path><\/svg><\/span><\/button>\n\t\t\t<\/form><\/div><\/div>\t\t\t\t<\/div>\n\t\t\t\t<\/div>\n\t\t\t\t<div class=\"elementor-element elementor-element-d781af7 elementor-widget elementor-widget-heading\" data-id=\"d781af7\" data-element_type=\"widget\" data-e-type=\"widget\" data-widget_type=\"heading.default\">\n\t\t\t\t<div class=\"elementor-widget-container\">\n\t\t\t\t\t<h2 class=\"elementor-heading-title elementor-size-default\">N\u00e9pszer\u0171 apartmanjaink<\/h2>\t\t\t\t<\/div>\n\t\t\t\t<\/div>\n\t\t\t\t<div class=\"elementor-element elementor-element-85bd07d elementor-widget elementor-widget-jet-blog-smart-listing\" data-id=\"85bd07d\" data-element_type=\"widget\" data-e-type=\"widget\" data-widget_type=\"jet-blog-smart-listing.default\">\n\t\t\t\t<div class=\"elementor-widget-container\">\n\t\t\t\t\t<div class=\"elementor-jet-blog-smart-listing jet-blog\"><div class=\"jet-smart-listing-wrap\" data-settings='{&quot;block_title&quot;:&quot;&quot;,&quot;title_tag&quot;:&quot;h2&quot;,&quot;featured_post&quot;:&quot;&quot;,&quot;featured_position&quot;:null,&quot;featured_width&quot;:null,&quot;featured_layout&quot;:null,&quot;featured_image_size&quot;:null,&quot;featured_image_position&quot;:null,&quot;featured_image_width&quot;:null,&quot;featured_excerpt_length&quot;:null,&quot;featured_excerpt_trimmed_ending&quot;:null,&quot;featured_read_more&quot;:null,&quot;featured_read_more_text&quot;:null,&quot;featured_show_meta&quot;:null,&quot;featured_show_author&quot;:null,&quot;featured_show_author_avatar&quot;:null,&quot;featured_show_author_from&quot;:null,&quot;featured_avatar_custom_field&quot;:null,&quot;featured_avatar_size&quot;:null,&quot;featured_show_author_icon&quot;:null,&quot;selected_featured_show_author_icon&quot;:null,&quot;featured_show_date&quot;:null,&quot;featured_show_date_icon&quot;:null,&quot;selected_featured_show_date_icon&quot;:null,&quot;featured_show_comments&quot;:null,&quot;featured_show_comments_icon&quot;:null,&quot;selected_featured_show_comments_icon&quot;:null,&quot;posts_columns_widescreen&quot;:null,&quot;posts_columns&quot;:1,&quot;posts_columns_laptop&quot;:null,&quot;posts_columns_tablet_extra&quot;:null,&quot;posts_columns_tablet&quot;:null,&quot;posts_columns_mobile_extra&quot;:null,&quot;posts_columns_mobile&quot;:null,&quot;posts_rows_widescreen&quot;:null,&quot;posts_rows&quot;:&quot;2&quot;,&quot;posts_rows_laptop&quot;:null,&quot;posts_rows_tablet_extra&quot;:null,&quot;posts_rows_tablet&quot;:null,&quot;posts_rows_mobile_extra&quot;:null,&quot;posts_rows_mobile&quot;:null,&quot;image_size&quot;:&quot;thumbnail&quot;,&quot;image_position&quot;:&quot;left&quot;,&quot;image_width&quot;:{&quot;unit&quot;:&quot;%&quot;,&quot;size&quot;:42,&quot;sizes&quot;:[]},&quot;excerpt_length&quot;:5,&quot;excerpt_trimmed_ending&quot;:&quot;...&quot;,&quot;read_more&quot;:&quot;yes&quot;,&quot;read_more_text&quot;:&quot;Megn\\u00e9zem &quot;,&quot;show_meta&quot;:&quot;&quot;,&quot;show_author&quot;:null,&quot;show_author_avatar&quot;:null,&quot;get_avatar_from&quot;:null,&quot;avatar_custom_field&quot;:null,&quot;avatar_size&quot;:null,&quot;show_author_icon&quot;:null,&quot;selected_show_author_icon&quot;:null,&quot;show_date&quot;:null,&quot;show_date_icon&quot;:null,&quot;selected_show_date_icon&quot;:null,&quot;show_comments&quot;:null,&quot;show_comments_icon&quot;:null,&quot;selected_show_comments_icon&quot;:null,&quot;query_by&quot;:&quot;category&quot;,&quot;category_ids&quot;:&quot;&quot;,&quot;post_tag_ids&quot;:null,&quot;include_ids&quot;:null,&quot;exclude_ids&quot;:&quot;&quot;,&quot;custom_query_by&quot;:&quot;ids&quot;,&quot;custom_terms_ids&quot;:null,&quot;meta_query&quot;:&quot;yes&quot;,&quot;meta_key&quot;:&quot;&quot;,&quot;meta_value&quot;:&quot;&quot;,&quot;show_filter&quot;:null,&quot;filter_by&quot;:null,&quot;show_all_btn&quot;:null,&quot;all_btn_label&quot;:null,&quot;more_terms_icon&quot;:null,&quot;selected_more_terms_icon&quot;:null,&quot;show_arrows&quot;:&quot;&quot;,&quot;arrow_type&quot;:null,&quot;show_featured_terms&quot;:null,&quot;show_featured_terms_tax&quot;:null,&quot;show_featured_terms_num&quot;:null,&quot;show_terms&quot;:&quot;&quot;,&quot;show_terms_tax&quot;:null,&quot;show_terms_num&quot;:null,&quot;featured_meta_position&quot;:null,&quot;meta_position&quot;:null,&quot;show_image&quot;:&quot;yes&quot;,&quot;post_type&quot;:[&quot;szallasok&quot;],&quot;post_ids&quot;:&quot;&quot;,&quot;content_related_meta&quot;:null,&quot;show_content_related_meta&quot;:&quot;&quot;,&quot;meta_content_related_position&quot;:null,&quot;title_related_meta&quot;:null,&quot;show_title_related_meta&quot;:&quot;&quot;,&quot;meta_title_related_position&quot;:null,&quot;featured_title_length&quot;:null,&quot;title_length&quot;:0,&quot;add_button_icon&quot;:&quot;&quot;,&quot;button_icon&quot;:null,&quot;selected_button_icon&quot;:null,&quot;post_add_button_icon&quot;:&quot;&quot;,&quot;post_button_icon&quot;:null,&quot;selected_post_button_icon&quot;:null,&quot;use_custom_query&quot;:&quot;&quot;,&quot;custom_query&quot;:null,&quot;posts_offset&quot;:0,&quot;order&quot;:&quot;DESC&quot;,&quot;order_by&quot;:&quot;date&quot;,&quot;is_archive_template&quot;:&quot;&quot;,&quot;query_builder_id&quot;:null}' data-page=\"1\" data-term=\"0\" data-scroll-top=>\n\t<div class=\"jet-smart-listing__heading\"><span class=\"jet-smart-listing__title-placeholder\"><\/span><\/div>\n\t<div class=\"jet-smart-listing rows-2 no-featured\"><div class=\"jet-smart-listing__posts\">\n\t\t\t\t<div class=\"jet-smart-listing__post-wrapper\">\n\t\t\t\t<div class=\"jet-smart-listing__post has-post-thumb\">\n\t\t\t\t\t\t\t\t\t\t<div class=\"jet-smart-listing__post-thumbnail post-thumbnail-simple\"><a href=\"https:\/\/holidayhurghada.com\/de\/masodik-szallas-\/peti-apartman\/\"><img loading=\"lazy\" decoding=\"async\" width=\"150\" height=\"150\" src=\"https:\/\/holidayhurghada.com\/wp-content\/uploads\/2026\/04\/petis-apartman-0--150x150.webp\" class=\"jet-smart-listing__post-thumbnail-img post-thumbnail-img-simple wp-post-image\" alt=\"Peti Apartman\" srcset=\"https:\/\/holidayhurghada.com\/wp-content\/uploads\/2026\/04\/petis-apartman-0--150x150.webp 150w, https:\/\/holidayhurghada.com\/wp-content\/uploads\/2026\/04\/petis-apartman-0--300x300.webp 300w, https:\/\/holidayhurghada.com\/wp-content\/uploads\/2026\/04\/petis-apartman-0--768x768.webp 768w, https:\/\/holidayhurghada.com\/wp-content\/uploads\/2026\/04\/petis-apartman-0--12x12.webp 12w, https:\/\/holidayhurghada.com\/wp-content\/uploads\/2026\/04\/petis-apartman-0--700x700.webp 700w, https:\/\/holidayhurghada.com\/wp-content\/uploads\/2026\/04\/petis-apartman-0-.webp 1000w\" sizes=\"(max-width: 150px) 100vw, 150px\" \/><\/a><\/div>\t\t\t\t\t<div class=\"jet-smart-listing__post-content\"><div class=\"jet-smart-listing__post-title post-title-simple\"><a href=\"https:\/\/holidayhurghada.com\/de\/masodik-szallas-\/peti-apartman\/\">Peti Apartman<\/a><\/div><div class=\"jet-smart-listing__post-excerpt post-excerpt-simple\"><\/div><div class=\"jet-smart-listing__more-wrap\"><a href=\"https:\/\/holidayhurghada.com\/de\/masodik-szallas-\/peti-apartman\/\" class=\"jet-smart-listing__more simple-more elementor-button elementor-size-md\"><span class=\"jet-smart-listing__more-text\">Megn\u00e9zem <\/span><\/a><\/div><\/div>\n\t\t\t\t<\/div>\n\t\t\t<\/div>\n\t\t\t\t\t\t<div class=\"jet-smart-listing__post-wrapper\">\n\t\t\t\t<div class=\"jet-smart-listing__post has-post-thumb\">\n\t\t\t\t\t\t\t\t\t\t<div class=\"jet-smart-listing__post-thumbnail post-thumbnail-simple\"><a href=\"https:\/\/holidayhurghada.com\/de\/masodik-szallas-\/katys-apartman\/\"><img loading=\"lazy\" decoding=\"async\" width=\"150\" height=\"150\" src=\"https:\/\/holidayhurghada.com\/wp-content\/uploads\/2026\/04\/katys-0--150x150.webp\" class=\"jet-smart-listing__post-thumbnail-img post-thumbnail-img-simple wp-post-image\" alt=\"Katy\u2019s apartman\" srcset=\"https:\/\/holidayhurghada.com\/wp-content\/uploads\/2026\/04\/katys-0--150x150.webp 150w, https:\/\/holidayhurghada.com\/wp-content\/uploads\/2026\/04\/katys-0--300x300.webp 300w, https:\/\/holidayhurghada.com\/wp-content\/uploads\/2026\/04\/katys-0--768x768.webp 768w, https:\/\/holidayhurghada.com\/wp-content\/uploads\/2026\/04\/katys-0--12x12.webp 12w, https:\/\/holidayhurghada.com\/wp-content\/uploads\/2026\/04\/katys-0--700x700.webp 700w, https:\/\/holidayhurghada.com\/wp-content\/uploads\/2026\/04\/katys-0-.webp 1000w\" sizes=\"(max-width: 150px) 100vw, 150px\" \/><\/a><\/div>\t\t\t\t\t<div class=\"jet-smart-listing__post-content\"><div class=\"jet-smart-listing__post-title post-title-simple\"><a href=\"https:\/\/holidayhurghada.com\/de\/masodik-szallas-\/katys-apartman\/\">Katy\u2019s apartman<\/a><\/div><div class=\"jet-smart-listing__post-excerpt post-excerpt-simple\"><\/div><div class=\"jet-smart-listing__more-wrap\"><a href=\"https:\/\/holidayhurghada.com\/de\/masodik-szallas-\/katys-apartman\/\" class=\"jet-smart-listing__more simple-more elementor-button elementor-size-md\"><span class=\"jet-smart-listing__more-text\">Megn\u00e9zem <\/span><\/a><\/div><\/div>\n\t\t\t\t<\/div>\n\t\t\t<\/div>\n\t\t\t<\/div>\n<\/div>\n\t<\/div>\n<div class=\"jet-smart-listing-loading\"><\/div><\/div>\t\t\t\t<\/div>\n\t\t\t\t<\/div>\n\t\t\t\t<\/div>\n\t\t\t\t<\/div>\n\t\t\t\t<\/div>\n\t\t","protected":false},"excerpt":{"rendered":"<p>N\u00e9pszer\u0171 apartmanjaink Red sea retreatMegn\u00e9zem Royal Sands ResidenceMegn\u00e9zem<\/p>","protected":false},"author":1,"featured_media":0,"parent":0,"menu_order":0,"comment_status":"closed","ping_status":"closed","template":"elementor_header_footer","meta":{"_seopress_robots_primary_cat":"","_seopress_titles_title":"","_seopress_titles_desc":"Egyiptomba Hurghad\u00e1ba k\u00e9sz\u00fclsz? Itt v\u00e1laszt kaphatsz a k\u00e9rd\u00e9seidre, olvasd el n\u00e9pszer\u0171 blog cikkeinket.","_seopress_robots_index":"","footnotes":""},"class_list":["post-16","page","type-page","status-publish","hentry"],"_links":{"self":[{"href":"https:\/\/holidayhurghada.com\/de\/wp-json\/wp\/v2\/pages\/16","targetHints":{"allow":["GET"]}}],"collection":[{"href":"https:\/\/holidayhurghada.com\/de\/wp-json\/wp\/v2\/pages"}],"about":[{"href":"https:\/\/holidayhurghada.com\/de\/wp-json\/wp\/v2\/types\/page"}],"author":[{"embeddable":true,"href":"https:\/\/holidayhurghada.com\/de\/wp-json\/wp\/v2\/users\/1"}],"replies":[{"embeddable":true,"href":"https:\/\/holidayhurghada.com\/de\/wp-json\/wp\/v2\/comments?post=16"}],"version-history":[{"count":0,"href":"https:\/\/holidayhurghada.com\/de\/wp-json\/wp\/v2\/pages\/16\/revisions"}],"wp:attachment":[{"href":"https:\/\/holidayhurghada.com\/de\/wp-json\/wp\/v2\/media?parent=16"}],"curies":[{"name":"wp","href":"https:\/\/api.w.org\/{rel}","templated":true}]}}