{"id":30,"date":"2025-04-09T12:40:25","date_gmt":"2025-04-09T12:40:25","guid":{"rendered":"https:\/\/holidayhurghada.com\/?page_id=30"},"modified":"2025-05-06T11:11:05","modified_gmt":"2025-05-06T09:11:05","slug":"asf","status":"publish","type":"page","link":"https:\/\/holidayhurghada.com\/de\/aszf\/","title":{"rendered":"GTC"},"content":{"rendered":"<div data-elementor-type=\"wp-page\" data-elementor-id=\"30\" class=\"elementor elementor-30\" data-elementor-post-type=\"page\">\n\t\t\t\t<div class=\"elementor-element elementor-element-4ec3cfa e-flex e-con-boxed e-con e-parent\" data-id=\"4ec3cfa\" data-element_type=\"container\" data-e-type=\"container\">\n\t\t\t\t\t<div class=\"e-con-inner\">\n\t\t\t\t<div class=\"elementor-element elementor-element-dc74942 elementor-widget elementor-widget-html\" data-id=\"dc74942\" data-element_type=\"widget\" data-e-type=\"widget\" data-widget_type=\"html.default\">\n\t\t\t\t<div class=\"elementor-widget-container\">\n\t\t\t\t\t<iframe width='100%' height='1000' src='https:\/\/api.virtualjog.hu\/api\/v1\/document\/9079?access-token=dc37d5878756b591e4a5a64d8dbc9174' frameborder='0'><\/iframe>\t\t\t\t<\/div>\n\t\t\t\t<\/div>\n\t\t\t\t\t<\/div>\n\t\t\t\t<\/div>\n\t\t<div class=\"elementor-element elementor-element-61e92dbc elementor-hidden-desktop elementor-hidden-tablet elementor-hidden-mobile e-flex e-con-boxed e-con e-parent\" data-id=\"61e92dbc\" data-element_type=\"container\" data-e-type=\"container\">\n\t\t\t\t\t<div class=\"e-con-inner\">\n\t\t\t\t<div class=\"elementor-element elementor-element-615fb3db elementor-widget elementor-widget-text-editor\" data-id=\"615fb3db\" data-element_type=\"widget\" data-e-type=\"widget\" data-widget_type=\"text-editor.default\">\n\t\t\t\t<div class=\"elementor-widget-container\">\n\t\t\t\t\t\t\t\t\t\n<h1 class=\"\" data-start=\"220\" data-end=\"255\">Allgemeine Bedingungen und Konditionen<\/h1>\n<p class=\"\" data-start=\"256\" data-end=\"401\"><strong data-start=\"256\" data-end=\"290\">G\u00fcltig ab: 10. April 2025<\/strong><br data-start=\"290\" data-end=\"293\" \/>Website: <a class=\"\" href=\"https:\/\/holidayhurghada.com\" target=\"_new\" rel=\"noopener\" data-start=\"303\" data-end=\"361\">https:\/\/holidayhurghada.com<\/a><br data-start=\"361\" data-end=\"364\" \/>Betrieben von CPS Company Services Kft.<\/p>\n<hr class=\"\" data-start=\"403\" data-end=\"406\" \/>\n<h2 class=\"\" data-start=\"408\" data-end=\"423\">1. einleitung<\/h2>\n<p class=\"\" data-start=\"425\" data-end=\"910\">Die vorliegenden Allgemeinen Gesch\u00e4ftsbedingungen (im Folgenden \"AGB\" genannt) sind f\u00fcr die CPS Company Services Ltd. (Sitz: 2724 \u00dajlengyel, Ny\u00e1ri P\u00e1l utca 15., Firmenregisternummer: 01-09-376252, Steuernummer: 25811759-2-13, E-Mail: <a rel=\"noopener\" data-start=\"625\" data-end=\"649\">info@holidayhurghada.com<\/a>(nachstehend \"Dienstanbieter\" genannt) <a class=\"\" href=\"https:\/\/holidayhurghada.com\" target=\"_new\" rel=\"noopener\" data-start=\"701\" data-end=\"759\">https:\/\/holidayhurghada.com<\/a> Website (nachstehend \"Website\" genannt) die Bedingungen f\u00fcr die Nutzung des Informationsdienstes zur Unterst\u00fctzung der Vermittlung von Unterkunftsbuchungen.<\/p>\n<p class=\"\" data-start=\"912\" data-end=\"994\">Mit dem Besuch der Website und der Nutzung des Buchungsformulars akzeptieren Sie die AGB.<\/p>\n<hr class=\"\" data-start=\"996\" data-end=\"999\" \/>\n<h2 class=\"\" data-start=\"1001\" data-end=\"1028\">2. die Definitionen<\/h2>\n<ul data-start=\"1030\" data-end=\"1558\">\n<li class=\"\" data-start=\"1030\" data-end=\"1100\">\n<p class=\"\" data-start=\"1032\" data-end=\"1100\"><strong data-start=\"1032\" data-end=\"1047\">Dienstanbieter<\/strong>CPS Company Services Ltd, der Betreiber dieser Website.<\/p>\n<\/li>\n<li class=\"\" data-start=\"1101\" data-end=\"1219\">\n<p class=\"\" data-start=\"1103\" data-end=\"1219\"><strong data-start=\"1103\" data-end=\"1115\">Website<\/strong>: a <a class=\"\" href=\"https:\/\/holidayhurghada.com\" target=\"_new\" rel=\"noopener\" data-start=\"1119\" data-end=\"1177\">https:\/\/holidayhurghada.com<\/a> Informationsplattform, die unter der Dom\u00e4ne betrieben wird.<\/p>\n<\/li>\n<li class=\"\" data-start=\"1220\" data-end=\"1320\">\n<p class=\"\" data-start=\"1222\" data-end=\"1320\"><strong data-start=\"1222\" data-end=\"1232\">Gast<\/strong>: eine nat\u00fcrliche oder juristische Person, die die Website besucht und eine Buchungsanfrage stellt.<\/p>\n<\/li>\n<li class=\"\" data-start=\"1321\" data-end=\"1439\">\n<p class=\"\" data-start=\"1323\" data-end=\"1439\"><strong data-start=\"1323\" data-end=\"1337\">Unterkunft<\/strong>: der Eigent\u00fcmer oder Betreiber einer Unterkunft in Hurghada, der seine Unterkunft \u00fcber die Website bewirbt.<\/p>\n<\/li>\n<li class=\"\" data-start=\"1440\" data-end=\"1558\">\n<p class=\"\" data-start=\"1442\" data-end=\"1558\"><strong data-start=\"1442\" data-end=\"1464\">Reservierungssystem<\/strong>: ist die Schnittstelle, \u00fcber die der Gast die notwendigen Daten f\u00fcr die Reservierung eingeben kann.<\/p>\n<\/li>\n<\/ul>\n<hr class=\"\" data-start=\"1560\" data-end=\"1563\" \/>\n<h2 class=\"\" data-start=\"1565\" data-end=\"1612\">3. die Rolle des Diensteanbieters und seine Verantwortlichkeiten<\/h2>\n<p class=\"\" data-start=\"1614\" data-end=\"1845\">Die CPS Company Services Ltd. <strong data-start=\"1652\" data-end=\"1687\">bietet Informationsdienste an<\/strong>eine technische Einrichtung f\u00fcr Unterkunftsanbieter, um ihre Unterk\u00fcnfte in Hurghada zu pr\u00e4sentieren und f\u00fcr Besucher, um ihnen eine Buchungsanfrage zu senden.<\/p>\n<p class=\"\" data-start=\"1847\" data-end=\"1861\">Der Dienstanbieter:<\/p>\n<ul data-start=\"1863\" data-end=\"2398\">\n<li class=\"\" data-start=\"1863\" data-end=\"1915\">\n<p class=\"\" data-start=\"1865\" data-end=\"1915\">kein Unterkunftsanbieter, kein Vermittler, kein Reiseveranstalter;<\/p>\n<\/li>\n<li class=\"\" data-start=\"1916\" data-end=\"2013\">\n<p class=\"\" data-start=\"1918\" data-end=\"2013\"><strong data-start=\"1918\" data-end=\"1937\">nicht mit Geld umgeht<\/strong>schickt keine Rechnung und schlie\u00dft keinen Vertrag mit dem Gast oder dem Gastgeber ab;<\/p>\n<\/li>\n<li class=\"\" data-start=\"2014\" data-end=\"2158\">\n<p class=\"\" data-start=\"2016\" data-end=\"2158\"><strong data-start=\"2016\" data-end=\"2043\">\u00fcbernimmt keine Verantwortung f\u00fcr<\/strong> f\u00fcr die Qualit\u00e4t, den Zustand, die Verf\u00fcgbarkeit der Unterkunft oder die vom Unterkunftsanbieter erbrachten Dienstleistungen;<\/p>\n<\/li>\n<li class=\"\" data-start=\"2159\" data-end=\"2286\">\n<p class=\"\" data-start=\"2161\" data-end=\"2286\">die Angaben zur Unterkunft im <strong data-start=\"2185\" data-end=\"2243\">anhand der vom Gastgeber zur Verf\u00fcgung gestellten Informationen und Bilder<\/strong> und pr\u00fcft nicht ihre Echtheit;<\/p>\n<\/li>\n<li class=\"\" data-start=\"2287\" data-end=\"2398\">\n<p class=\"\" data-start=\"2289\" data-end=\"2398\">Buchung und Kontaktaufnahme mit dem Unterkunftsanbieter <strong data-start=\"2340\" data-end=\"2397\">die volle Verantwortung des Gastes und des Gastgebers<\/strong>.<\/p>\n<\/li>\n<\/ul>\n<hr class=\"\" data-start=\"2400\" data-end=\"2403\" \/>\n<h2 class=\"\" data-start=\"2405\" data-end=\"2426\">4. das Buchungsverfahren<\/h2>\n<ol data-start=\"2428\" data-end=\"3148\">\n<li class=\"\" data-start=\"2428\" data-end=\"2494\">\n<p class=\"\" data-start=\"2431\" data-end=\"2494\">Der Gast w\u00e4hlt auf der Website die f\u00fcr ihn passende Unterkunft aus.<\/p>\n<\/li>\n<li class=\"\" data-start=\"2495\" data-end=\"2660\">\n<p class=\"\" data-start=\"2498\" data-end=\"2549\">Auf dem Buchungsformular geben Sie die erforderlichen Informationen an:<\/p>\n<ul data-start=\"2553\" data-end=\"2660\">\n<li class=\"\" data-start=\"2553\" data-end=\"2660\">\n<p class=\"\" data-start=\"2555\" data-end=\"2660\">Name, E-Mail-Adresse, Telefonnummer, Rechnungsadresse, Anzahl der Personen, Anzahl der Kinder, Ankunfts-\/Abfahrtszeit.<\/p>\n<\/li>\n<\/ul>\n<\/li>\n<li class=\"\" data-start=\"2661\" data-end=\"2839\">\n<p class=\"\" data-start=\"2664\" data-end=\"2735\">Das System sendet eine automatische Best\u00e4tigungs-E-Mail mit dem Inhalt:<\/p>\n<ul data-start=\"2739\" data-end=\"2839\">\n<li class=\"\" data-start=\"2739\" data-end=\"2783\">\n<p class=\"\" data-start=\"2741\" data-end=\"2783\">die Kontonummer des Unterkunftsgebers (in EUR),<\/p>\n<\/li>\n<li class=\"\" data-start=\"2787\" data-end=\"2812\">\n<p class=\"\" data-start=\"2789\" data-end=\"2812\">den zu zahlenden Betrag,<\/p>\n<\/li>\n<li class=\"\" data-start=\"2816\" data-end=\"2839\">\n<p class=\"\" data-start=\"2818\" data-end=\"2839\">Details zur Unterkunft.<\/p>\n<\/li>\n<\/ul>\n<\/li>\n<li class=\"\" data-start=\"2840\" data-end=\"2908\">\n<p class=\"\" data-start=\"2843\" data-end=\"2908\">Der Gast <strong data-start=\"2852\" data-end=\"2873\">per Bank\u00fcberweisung<\/strong> zahlt direkt an den Unterkunftsanbieter.<\/p>\n<\/li>\n<li class=\"\" data-start=\"2909\" data-end=\"3019\">\n<p class=\"\" data-start=\"2912\" data-end=\"3019\">Nach der Zahlung wird der Unterkunftsanbieter Ihre Buchung best\u00e4tigen und wir senden Ihnen eine weitere E-Mail mit dem Hinweis \"Ihre Buchung ist best\u00e4tigt\".<\/p>\n<\/li>\n<li class=\"\" data-start=\"3020\" data-end=\"3148\">\n<p class=\"\" data-start=\"3023\" data-end=\"3148\">Bei nicht fristgerechter Zahlung wird die Reservierung storniert. <strong data-start=\"3084\" data-end=\"3116\">wird automatisch gel\u00f6scht<\/strong>. Der Gast wird davon in Kenntnis gesetzt.<\/p>\n<\/li>\n<\/ol>\n<hr class=\"\" data-start=\"3150\" data-end=\"3153\" \/>\n<h2 class=\"\" data-start=\"3155\" data-end=\"3180\">5. die Zahlungsbedingungen<\/h2>\n<ul data-start=\"3182\" data-end=\"3385\">\n<li class=\"\" data-start=\"3182\" data-end=\"3254\">\n<p class=\"\" data-start=\"3184\" data-end=\"3254\">Die Zahlung erfolgt ausschlie\u00dflich <strong data-start=\"3204\" data-end=\"3225\">per Bank\u00fcberweisung<\/strong> geschieht, <strong data-start=\"3236\" data-end=\"3253\">in Euro (EUR)<\/strong>.<\/p>\n<\/li>\n<li class=\"\" data-start=\"3255\" data-end=\"3318\">\n<p class=\"\" data-start=\"3257\" data-end=\"3318\">Die Zahlung <strong data-start=\"3267\" data-end=\"3315\">direkt auf das Konto des Unterkunftsgebers<\/strong>.<\/p>\n<\/li>\n<li class=\"\" data-start=\"3319\" data-end=\"3385\">\n<p class=\"\" data-start=\"3321\" data-end=\"3385\">Der Dienstanbieter zieht keine Provisionen ab, tritt nicht als Vermittler auf und stellt keine Rechnung.<\/p>\n<\/li>\n<\/ul>\n<p class=\"\" data-start=\"3387\" data-end=\"3485\">Die Zahlungsverpflichtung und jede damit verbundene Haftung besteht zwischen dem Gast und dem Gastgeber.<\/p>\n<hr class=\"\" data-start=\"3487\" data-end=\"3490\" \/>\n<h2 class=\"\" data-start=\"3492\" data-end=\"3530\">(6) Bedingungen f\u00fcr die L\u00f6schung und \u00c4nderung<\/h2>\n<ul data-start=\"3532\" data-end=\"3886\">\n<li class=\"\" data-start=\"3532\" data-end=\"3693\">\n<p class=\"\" data-start=\"3534\" data-end=\"3693\">Der Gast muss die Reservierung sp\u00e4testens vor dem Anreisedatum vornehmen <strong data-start=\"3592\" data-end=\"3606\">2 Monate<\/strong> in diesem Fall erstattet der Beherberger den vollen Betrag zur\u00fcck.<\/p>\n<\/li>\n<li class=\"\" data-start=\"3694\" data-end=\"3783\">\n<p class=\"\" data-start=\"3696\" data-end=\"3783\">innerhalb von 2 Monaten <strong data-start=\"3712\" data-end=\"3745\">die Reservierung nicht mehr storniert werden kann<\/strong>und der gezahlte Betrag wird nicht zur\u00fcckerstattet.<\/p>\n<\/li>\n<li class=\"\" data-start=\"3784\" data-end=\"3886\">\n<p class=\"\" data-start=\"3786\" data-end=\"3886\">Der Gast kann einen Antrag auf \u00c4nderung an die folgende E-Mail-Adresse senden:<br data-start=\"3846\" data-end=\"3849\" \/>\ud83d\udce7 <strong data-start=\"3854\" data-end=\"3886\"><a rel=\"noopener\" data-start=\"3856\" data-end=\"3884\">foglalas@holidayhurghada.com<\/a><\/strong><\/p>\n<\/li>\n<\/ul>\n<p class=\"\" data-start=\"3888\" data-end=\"3964\">\u00dcber die M\u00f6glichkeit und die Bedingungen der \u00c4nderung entscheidet immer der Beherberger.<\/p>\n<hr class=\"\" data-start=\"3966\" data-end=\"3969\" \/>\n<h2 class=\"\" data-start=\"3971\" data-end=\"3990\">7. die Bearbeitung von Beschwerden<\/h2>\n<p class=\"\" data-start=\"3992\" data-end=\"4148\">Im Zusammenhang mit dem Betrieb der Website, technischen Fehlern oder allgemeinen Fragen kann sich der Gast unter den folgenden Kontaktdaten an den Dienstanbieter wenden:<\/p>\n<p class=\"\" data-start=\"4150\" data-end=\"4224\">\ud83d\udce7 <strong data-start=\"4153\" data-end=\"4181\"><a rel=\"noopener\" data-start=\"4155\" data-end=\"4179\">info@holidayhurghada.com<\/a><\/strong><br data-start=\"4181\" data-end=\"4184\" \/>\u23f1 Reaktionszeit: bis zu 2 Arbeitstage<\/p>\n<p class=\"\" data-start=\"4226\" data-end=\"4338\">Beschwerden \u00fcber die Unterkunft oder die erbrachten Leistungen sind direkt an den Anbieter der Unterkunft zu richten.<\/p>\n<hr class=\"\" data-start=\"4340\" data-end=\"4343\" \/>\n<h2 class=\"\" data-start=\"4345\" data-end=\"4374\">8. die Benutzungsordnung<\/h2>\n<ul data-start=\"4376\" data-end=\"4616\">\n<li class=\"\" data-start=\"4376\" data-end=\"4433\">\n<p class=\"\" data-start=\"4378\" data-end=\"4433\">Die Website darf nur f\u00fcr rechtm\u00e4\u00dfige Zwecke genutzt werden.<\/p>\n<\/li>\n<li class=\"\" data-start=\"4434\" data-end=\"4524\">\n<p class=\"\" data-start=\"4436\" data-end=\"4524\">Es ist verboten, falsche oder unwahre Reservierungen vorzunehmen oder das System im Namen anderer zu missbrauchen.<\/p>\n<\/li>\n<li class=\"\" data-start=\"4525\" data-end=\"4616\">\n<p class=\"\" data-start=\"4527\" data-end=\"4616\">Der Dienstanbieter ist berechtigt, solche Buchungen zu stornieren und den Zugang zu beschr\u00e4nken.<\/p>\n<\/li>\n<\/ul>\n<hr class=\"\" data-start=\"4618\" data-end=\"4621\" \/>\n<h2 class=\"\" data-start=\"4623\" data-end=\"4646\">9. geistiges Eigentum<\/h2>\n<p class=\"\" data-start=\"4648\" data-end=\"4870\">Der gesamte Inhalt der Website - Texte, Logos, Grafiken, Programmcode, Design - ist Eigentum der CPS Company Services Ltd. oder wird mit deren rechtlicher Genehmigung verwendet. Jede unbefugte Verwendung ist verboten.<\/p>\n<hr class=\"\" data-start=\"4872\" data-end=\"4875\" \/>\n<h2 class=\"\" data-start=\"4877\" data-end=\"4932\">10. die DSA (Verordnung \u00fcber digitale Dienste)<\/h2>\n<p class=\"\" data-start=\"4934\" data-end=\"5060\">CPS Company Services Ltd. ist ein Vermittlungsdienstleister gem\u00e4\u00df der EU-Verordnung \u00fcber digitale Dienstleistungen (DSA).<\/p>\n<p class=\"\" data-start=\"5062\" data-end=\"5279\">Die Unterk\u00fcnfte auf der Website werden technisch vom Dienstanbieter hochgeladen, aber der Inhalt (Texte, Bilder, Preise) <strong data-start=\"5176\" data-end=\"5228\">auf der Grundlage der vom Unterkunftsanbieter bereitgestellten Informationen<\/strong>und f\u00fcr die der Dienstanbieter nicht haftbar gemacht werden kann.<\/p>\n<p class=\"\" data-start=\"5281\" data-end=\"5399\">Wenn ein Besucher illegale oder unwahre Inhalte entdeckt, melden Sie diese bitte an die <strong data-start=\"5357\" data-end=\"5385\"><a rel=\"noopener\" data-start=\"5359\" data-end=\"5383\">info@holidayhurghada.com<\/a><\/strong> per E-Mail.<\/p>\n<hr class=\"\" data-start=\"5401\" data-end=\"5404\" \/>\n<h2 class=\"\" data-start=\"5406\" data-end=\"5424\">11. die Datenverwaltung<\/h2>\n<p class=\"\" data-start=\"5426\" data-end=\"5554\">Die Datenverarbeitung auf der Website erfolgt in \u00dcbereinstimmung mit der Datenschutzrichtlinie, die hier verf\u00fcgbar ist: <a class=\"\" href=\"#\" rel=\"noopener\" data-start=\"5525\" data-end=\"5554\">Hinweis zur Datenverarbeitung<\/a><\/p>\n<hr class=\"\" data-start=\"5556\" data-end=\"5559\" \/>\n<h2 class=\"\" data-start=\"5561\" data-end=\"5591\">12. geltendes Recht und Streitigkeiten<\/h2>\n<p class=\"\" data-start=\"5593\" data-end=\"5705\">In Angelegenheiten, die in diesen AGB nicht geregelt sind, ist ungarisches Recht, insbesondere das Gesetz V von 2013 (B\u00fcrgerliches Gesetzbuch) ma\u00dfgebend.<\/p>\n<p class=\"\" data-start=\"5707\" data-end=\"5897\">Im Falle von Streitigkeiten bem\u00fchen sich die Parteien zun\u00e4chst um eine g\u00fctliche Einigung. Gelingt dies nicht, gilt die ausschlie\u00dfliche Zust\u00e4ndigkeit des ungarischen Gerichts, das f\u00fcr den Sitz des Dienstleisters zust\u00e4ndig ist.<\/p>\n\t\t\t\t\t\t\t\t<\/div>\n\t\t\t\t<\/div>\n\t\t\t\t\t<\/div>\n\t\t\t\t<\/div>\n\t\t\t\t<\/div>","protected":false},"excerpt":{"rendered":"<p>\u00c1ltal\u00e1nos Szerz\u0151d\u00e9si Felt\u00e9telek Hat\u00e1lyos: 2025. \u00e1prilis 10-t\u0151lWeboldal: https:\/\/holidayhurghada.com\u00dczemeltet\u0151: CPS Company Services Kft. 1. Bevezet\u00e9s Jelen \u00c1ltal\u00e1nos Szerz\u0151d\u00e9si Felt\u00e9telek (a tov\u00e1bbiakban: \u201e\u00c1SZF\u201d) a CPS Company Services Kft. (sz\u00e9khely: 2724 \u00dajlengyel, Ny\u00e1ri P\u00e1l utca 15., c\u00e9gjegyz\u00e9ksz\u00e1m: 01-09-376252, ad\u00f3sz\u00e1m: 25811759-2-13, e-mail: info@holidayhurghada.com; a tov\u00e1bbiakban: \u201eSzolg\u00e1ltat\u00f3\u201d) \u00e1ltal \u00fczemeltetett https:\/\/holidayhurghada.com honlapon (a tov\u00e1bbiakban: \u201eWeboldal\u201d) t\u00f6rt\u00e9n\u0151 sz\u00e1ll\u00e1sfoglal\u00e1s k\u00f6zvet\u00edt\u00e9s\u00e9t t\u00e1mogat\u00f3 inform\u00e1ci\u00f3s szolg\u00e1ltat\u00e1s &#8230; <a title=\"GTC\" class=\"read-more\" href=\"https:\/\/holidayhurghada.com\/de\/aszf\/\" aria-label=\"Mehr Informationen \u00fcber \u00c1SZF\">Mehr lesen<\/a><\/p>","protected":false},"author":1,"featured_media":0,"parent":0,"menu_order":0,"comment_status":"closed","ping_status":"closed","template":"elementor_header_footer","meta":{"_seopress_robots_primary_cat":"","_seopress_titles_title":"","_seopress_titles_desc":"","_seopress_robots_index":"yes","footnotes":""},"class_list":["post-30","page","type-page","status-publish"],"_links":{"self":[{"href":"https:\/\/holidayhurghada.com\/de\/wp-json\/wp\/v2\/pages\/30","targetHints":{"allow":["GET"]}}],"collection":[{"href":"https:\/\/holidayhurghada.com\/de\/wp-json\/wp\/v2\/pages"}],"about":[{"href":"https:\/\/holidayhurghada.com\/de\/wp-json\/wp\/v2\/types\/page"}],"author":[{"embeddable":true,"href":"https:\/\/holidayhurghada.com\/de\/wp-json\/wp\/v2\/users\/1"}],"replies":[{"embeddable":true,"href":"https:\/\/holidayhurghada.com\/de\/wp-json\/wp\/v2\/comments?post=30"}],"version-history":[{"count":0,"href":"https:\/\/holidayhurghada.com\/de\/wp-json\/wp\/v2\/pages\/30\/revisions"}],"wp:attachment":[{"href":"https:\/\/holidayhurghada.com\/de\/wp-json\/wp\/v2\/media?parent=30"}],"curies":[{"name":"wp","href":"https:\/\/api.w.org\/{rel}","templated":true}]}}